{"id":64,"date":"2015-10-25T14:38:41","date_gmt":"2015-10-25T14:38:41","guid":{"rendered":"http:\/\/dario-simic.iz.hr\/villa\/?page_id=64"},"modified":"2026-02-18T15:00:02","modified_gmt":"2026-02-18T15:00:02","slug":"exklusive-lage-kotisina-makarska","status":"publish","type":"page","link":"https:\/\/villa-amare.com\/de\/exklusive-lage-kotisina-makarska\/","title":{"rendered":"\u00dcber den Ort"},"content":{"rendered":"<a href=\"http:\/\/villa-amare.com\/wp-content\/uploads\/2026\/02\/1747076938556-scaled-2.jpg\"><img loading=\"lazy\" class=\"aligncenter wp-image-829 size-full\" src=\"http:\/\/villa-amare.com\/wp-content\/uploads\/2026\/02\/1747076938556-scaled-2.jpg\" alt=\"\" width=\"2560\" height=\"1440\" srcset=\"https:\/\/villa-amare.com\/wp-content\/uploads\/2026\/02\/1747076938556-scaled-2.jpg 2560w, https:\/\/villa-amare.com\/wp-content\/uploads\/2026\/02\/1747076938556-scaled-2-300x169.jpg 300w, https:\/\/villa-amare.com\/wp-content\/uploads\/2026\/02\/1747076938556-scaled-2-1024x576.jpg 1024w, https:\/\/villa-amare.com\/wp-content\/uploads\/2026\/02\/1747076938556-scaled-2-768x432.jpg 768w, https:\/\/villa-amare.com\/wp-content\/uploads\/2026\/02\/1747076938556-scaled-2-1536x864.jpg 1536w, https:\/\/villa-amare.com\/wp-content\/uploads\/2026\/02\/1747076938556-scaled-2-2048x1152.jpg 2048w\" sizes=\"(max-width: 2560px) 100vw, 2560px\" \/><\/a><\/p>\n<p>Koti\u0161ina ist ein ruhiges und malerisches Dorf am Fu\u00dfe des Biokovo-Gebirges, nur wenige Autominuten oberhalb des Zentrums von Makarska gelegen. Es ist bekannt f\u00fcr seine unber\u00fchrte Natur, traditionelle dalmatinische Architektur und ein hohes Ma\u00df an Privatsph\u00e4re \u2013 eine Seltenheit an der Adriak\u00fcste.<\/p>\n<p>Das Dorf grenzt direkt an den Botanischen Garten Biokovo \u2013 Koti\u0161ina, ein einzigartiges Naturareal mit reicher autochthoner Flora, thematischen Wanderwegen und spektakul\u00e4ren Ausblicken auf das Meer und die vorgelagerten Inseln. Das kulturelle Erbe zeigt sich in historischen Steinh\u00e4usern, alten Kirchen sowie der Festung Veliki Ka\u0161tel, die harmonisch in die eindrucksvolle Landschaft des Biokovo eingebettet sind.<\/p>\n<p>Koti\u0161ina bietet eine ideale Kombination aus naturnaher Ruhe, Privatsph\u00e4re und unmittelbarer N\u00e4he zu allen Annehmlichkeiten von Makarska und z\u00e4hlt damit zu den besonders begehrten Lagen f\u00fcr K\u00e4ufer, die Wert auf Lebensqualit\u00e4t, Diskretion und langfristige Immobilienwertstabilit\u00e4t legen.<\/p>\n<p>&nbsp;","protected":false},"excerpt":{"rendered":"<p>Koti\u0161ina ist ein ruhiges und malerisches Dorf am Fu\u00dfe des Biokovo-Gebirges, nur wenige Autominuten oberhalb des Zentrums von Makarska gelegen. Es ist bekannt f\u00fcr seine unber\u00fchrte Natur, traditionelle dalmatinische Architektur und ein hohes Ma\u00df an Privatsph\u00e4re \u2013 eine Seltenheit an der Adriak\u00fcste. Das Dorf grenzt direkt an den Botanischen Garten Biokovo \u2013 Koti\u0161ina, ein einzigartiges [&hellip;]<\/p>\n","protected":false},"author":1,"featured_media":832,"parent":0,"menu_order":0,"comment_status":"closed","ping_status":"closed","template":"","meta":[],"yoast_head":"<!-- This site is optimized with the Yoast SEO plugin v17.5 - https:\/\/yoast.com\/wordpress\/plugins\/seo\/ -->\n<title>Luksuzna lokacija Koti\u0161ina Makarska - mir, privatnost i pogled na more<\/title>\n<meta name=\"description\" content=\"Koti\u0161ina iznad Makarske nudi rijetku kombinaciju mira, za\u0161ti\u0107ene prirode i trajno otvorenog pogleda na more - idealna lokacija za luksuznu nekretninu.\" \/>\n<meta name=\"robots\" content=\"index, follow, max-snippet:-1, max-image-preview:large, max-video-preview:-1\" \/>\n<link rel=\"canonical\" href=\"https:\/\/villa-amare.com\/exklusive-lage-kotisina-makarska\/\" \/>\n<meta property=\"og:locale\" content=\"de_DE\" \/>\n<meta property=\"og:type\" content=\"article\" \/>\n<meta property=\"og:title\" content=\"Luksuzna lokacija Koti\u0161ina Makarska - mir, privatnost i pogled na more\" \/>\n<meta property=\"og:description\" content=\"Koti\u0161ina iznad Makarske nudi rijetku kombinaciju mira, za\u0161ti\u0107ene prirode i trajno otvorenog pogleda na more - idealna lokacija za luksuznu nekretninu.\" \/>\n<meta property=\"og:url\" content=\"https:\/\/villa-amare.com\/exklusive-lage-kotisina-makarska\/\" \/>\n<meta property=\"og:site_name\" content=\"Villa Amare\" \/>\n<meta property=\"article:modified_time\" content=\"2026-02-18T15:00:02+00:00\" \/>\n<meta property=\"og:image\" content=\"https:\/\/villa-amare.com\/wp-content\/uploads\/2026\/02\/1747076938556-scaled-3.jpg\" \/>\n\t<meta property=\"og:image:width\" content=\"2560\" \/>\n\t<meta property=\"og:image:height\" content=\"1440\" \/>\n<meta name=\"twitter:card\" content=\"summary\" \/>\n<meta name=\"twitter:label1\" content=\"Gesch\u00e4tzte Lesezeit\" \/>\n\t<meta name=\"twitter:data1\" content=\"1\u00a0Minute\" \/>\n<script type=\"application\/ld+json\" class=\"yoast-schema-graph\">{\"@context\":\"https:\/\/schema.org\",\"@graph\":[{\"@type\":\"WebSite\",\"@id\":\"https:\/\/villa-amare.com\/#website\",\"url\":\"https:\/\/villa-amare.com\/\",\"name\":\"Villa Amare\",\"description\":\"\",\"potentialAction\":[{\"@type\":\"SearchAction\",\"target\":{\"@type\":\"EntryPoint\",\"urlTemplate\":\"https:\/\/villa-amare.com\/?s={search_term_string}\"},\"query-input\":\"required name=search_term_string\"}],\"inLanguage\":\"de\"},{\"@type\":\"ImageObject\",\"@id\":\"https:\/\/villa-amare.com\/exklusive-lage-kotisina-makarska\/#primaryimage\",\"inLanguage\":\"de\",\"url\":\"https:\/\/villa-amare.com\/wp-content\/uploads\/2026\/02\/1747076938556-scaled-3.jpg\",\"contentUrl\":\"https:\/\/villa-amare.com\/wp-content\/uploads\/2026\/02\/1747076938556-scaled-3.jpg\",\"width\":2560,\"height\":1440},{\"@type\":\"WebPage\",\"@id\":\"https:\/\/villa-amare.com\/exklusive-lage-kotisina-makarska\/#webpage\",\"url\":\"https:\/\/villa-amare.com\/exklusive-lage-kotisina-makarska\/\",\"name\":\"Luksuzna lokacija Koti\\u0161ina Makarska - mir, privatnost i pogled na more\",\"isPartOf\":{\"@id\":\"https:\/\/villa-amare.com\/#website\"},\"primaryImageOfPage\":{\"@id\":\"https:\/\/villa-amare.com\/exklusive-lage-kotisina-makarska\/#primaryimage\"},\"datePublished\":\"2015-10-25T14:38:41+00:00\",\"dateModified\":\"2026-02-18T15:00:02+00:00\",\"description\":\"Koti\\u0161ina iznad Makarske nudi rijetku kombinaciju mira, za\\u0161ti\\u0107ene prirode i trajno otvorenog pogleda na more - idealna lokacija za luksuznu nekretninu.\",\"breadcrumb\":{\"@id\":\"https:\/\/villa-amare.com\/exklusive-lage-kotisina-makarska\/#breadcrumb\"},\"inLanguage\":\"de\",\"potentialAction\":[{\"@type\":\"ReadAction\",\"target\":[\"https:\/\/villa-amare.com\/exklusive-lage-kotisina-makarska\/\"]}]},{\"@type\":\"BreadcrumbList\",\"@id\":\"https:\/\/villa-amare.com\/exklusive-lage-kotisina-makarska\/#breadcrumb\",\"itemListElement\":[{\"@type\":\"ListItem\",\"position\":1,\"name\":\"Home\",\"item\":\"http:\/\/villa-amare.com\/\"},{\"@type\":\"ListItem\",\"position\":2,\"name\":\"O mjestu\"}]}]}<\/script>\n<!-- \/ Yoast SEO plugin. -->","yoast_head_json":{"title":"Luksuzna lokacija Koti\u0161ina Makarska - mir, privatnost i pogled na more","description":"Koti\u0161ina iznad Makarske nudi rijetku kombinaciju mira, za\u0161ti\u0107ene prirode i trajno otvorenog pogleda na more - idealna lokacija za luksuznu nekretninu.","robots":{"index":"index","follow":"follow","max-snippet":"max-snippet:-1","max-image-preview":"max-image-preview:large","max-video-preview":"max-video-preview:-1"},"canonical":"https:\/\/villa-amare.com\/exklusive-lage-kotisina-makarska\/","og_locale":"de_DE","og_type":"article","og_title":"Luksuzna lokacija Koti\u0161ina Makarska - mir, privatnost i pogled na more","og_description":"Koti\u0161ina iznad Makarske nudi rijetku kombinaciju mira, za\u0161ti\u0107ene prirode i trajno otvorenog pogleda na more - idealna lokacija za luksuznu nekretninu.","og_url":"https:\/\/villa-amare.com\/exklusive-lage-kotisina-makarska\/","og_site_name":"Villa Amare","article_modified_time":"2026-02-18T15:00:02+00:00","og_image":[{"width":2560,"height":1440,"url":"https:\/\/villa-amare.com\/wp-content\/uploads\/2026\/02\/1747076938556-scaled-3.jpg","type":"image\/jpeg"}],"twitter_card":"summary","twitter_misc":{"Gesch\u00e4tzte Lesezeit":"1\u00a0Minute"},"schema":{"@context":"https:\/\/schema.org","@graph":[{"@type":"WebSite","@id":"https:\/\/villa-amare.com\/#website","url":"https:\/\/villa-amare.com\/","name":"Villa Amare","description":"","potentialAction":[{"@type":"SearchAction","target":{"@type":"EntryPoint","urlTemplate":"https:\/\/villa-amare.com\/?s={search_term_string}"},"query-input":"required name=search_term_string"}],"inLanguage":"de"},{"@type":"ImageObject","@id":"https:\/\/villa-amare.com\/exklusive-lage-kotisina-makarska\/#primaryimage","inLanguage":"de","url":"https:\/\/villa-amare.com\/wp-content\/uploads\/2026\/02\/1747076938556-scaled-3.jpg","contentUrl":"https:\/\/villa-amare.com\/wp-content\/uploads\/2026\/02\/1747076938556-scaled-3.jpg","width":2560,"height":1440},{"@type":"WebPage","@id":"https:\/\/villa-amare.com\/exklusive-lage-kotisina-makarska\/#webpage","url":"https:\/\/villa-amare.com\/exklusive-lage-kotisina-makarska\/","name":"Luksuzna lokacija Koti\u0161ina Makarska - mir, privatnost i pogled na more","isPartOf":{"@id":"https:\/\/villa-amare.com\/#website"},"primaryImageOfPage":{"@id":"https:\/\/villa-amare.com\/exklusive-lage-kotisina-makarska\/#primaryimage"},"datePublished":"2015-10-25T14:38:41+00:00","dateModified":"2026-02-18T15:00:02+00:00","description":"Koti\u0161ina iznad Makarske nudi rijetku kombinaciju mira, za\u0161ti\u0107ene prirode i trajno otvorenog pogleda na more - idealna lokacija za luksuznu nekretninu.","breadcrumb":{"@id":"https:\/\/villa-amare.com\/exklusive-lage-kotisina-makarska\/#breadcrumb"},"inLanguage":"de","potentialAction":[{"@type":"ReadAction","target":["https:\/\/villa-amare.com\/exklusive-lage-kotisina-makarska\/"]}]},{"@type":"BreadcrumbList","@id":"https:\/\/villa-amare.com\/exklusive-lage-kotisina-makarska\/#breadcrumb","itemListElement":[{"@type":"ListItem","position":1,"name":"Home","item":"http:\/\/villa-amare.com\/"},{"@type":"ListItem","position":2,"name":"O mjestu"}]}]}},"_links":{"self":[{"href":"https:\/\/villa-amare.com\/de\/wp-json\/wp\/v2\/pages\/64"}],"collection":[{"href":"https:\/\/villa-amare.com\/de\/wp-json\/wp\/v2\/pages"}],"about":[{"href":"https:\/\/villa-amare.com\/de\/wp-json\/wp\/v2\/types\/page"}],"author":[{"embeddable":true,"href":"https:\/\/villa-amare.com\/de\/wp-json\/wp\/v2\/users\/1"}],"replies":[{"embeddable":true,"href":"https:\/\/villa-amare.com\/de\/wp-json\/wp\/v2\/comments?post=64"}],"version-history":[{"count":5,"href":"https:\/\/villa-amare.com\/de\/wp-json\/wp\/v2\/pages\/64\/revisions"}],"predecessor-version":[{"id":831,"href":"https:\/\/villa-amare.com\/de\/wp-json\/wp\/v2\/pages\/64\/revisions\/831"}],"wp:featuredmedia":[{"embeddable":true,"href":"https:\/\/villa-amare.com\/de\/wp-json\/wp\/v2\/media\/832"}],"wp:attachment":[{"href":"https:\/\/villa-amare.com\/de\/wp-json\/wp\/v2\/media?parent=64"}],"curies":[{"name":"wp","href":"https:\/\/api.w.org\/{rel}","templated":true}]}}